{"id":69,"date":"2023-10-11T12:08:25","date_gmt":"2023-10-11T10:08:25","guid":{"rendered":"https:\/\/top-serrurier-paris.fr\/blog\/?page_id=69"},"modified":"2026-03-30T22:11:55","modified_gmt":"2026-03-30T20:11:55","slug":"lequipe","status":"publish","type":"page","link":"https:\/\/top-serrurier-paris.fr\/blog\/lequipe\/","title":{"rendered":"L&rsquo;\u00e9quipe &#038; \u00c9dito"},"content":{"rendered":"<p><span style=\"font-weight: 400;\">Top Serrurier Paris est votre guide complet pour tout ce qui touche \u00e0 la serrurerie \u00e0 Paris \u2014 urgences 24h\/24, comparatifs de serruriers fiables, guides de s\u00e9curit\u00e9, serrures haute s\u00e9curit\u00e9 certifi\u00e9es A2P, blindage de porte, coffres-forts encastrables, volets roulants et serrures connect\u00e9es. Nous vous aidons \u00e0 choisir le bon professionnel et \u00e0 s\u00e9curiser votre logement intelligemment. <\/span><span style=\"font-weight: 400;\">Notre \u00e9quipe rassemble des experts en s\u00e9curit\u00e9, des r\u00e9dacteurs sp\u00e9cialis\u00e9s en serrurerie et des consommateurs avis\u00e9s qui ont test\u00e9 et compar\u00e9 des dizaines de prestataires parisiens.<\/span><\/p>\n","protected":false},"excerpt":{"rendered":"","protected":false},"author":34,"featured_media":0,"parent":0,"menu_order":0,"comment_status":"closed","ping_status":"closed","template":"","meta":{"_acf_changed":false,"manual_indexmenow":false,"indexmenow_id_project":0,"footnotes":""},"class_list":["post-69","page","type-page","status-publish"],"acf":[],"yoast_head":"<!-- This site is optimized with the Yoast SEO Premium plugin v21.3 (Yoast SEO v26.5) - https:\/\/yoast.com\/wordpress\/plugins\/seo\/ -->\n<title>L&#039;\u00e9quipe &amp; \u00c9dito<\/title>\n<meta name=\"description\" content=\"Top Serrurier Paris est votre guide complet pour tout ce qui touche \u00e0 la serrurerie \u00e0 Paris \u2014 urgences 24h\/24, comparatifs de serruriers fiables, guides\" \/>\n<meta name=\"robots\" content=\"index, follow, max-snippet:-1, max-image-preview:large, max-video-preview:-1\" \/>\n<link rel=\"canonical\" href=\"https:\/\/top-serrurier-paris.fr\/blog\/lequipe\/\" \/>\n<meta property=\"og:locale\" content=\"fr_FR\" \/>\n<meta property=\"og:type\" content=\"article\" \/>\n<meta property=\"og:title\" content=\"L&#039;\u00e9quipe &amp; \u00c9dito\" \/>\n<meta property=\"og:description\" content=\"Top Serrurier Paris est votre guide complet pour tout ce qui touche \u00e0 la serrurerie \u00e0 Paris \u2014 urgences 24h\/24, comparatifs de serruriers fiables, guides\" \/>\n<meta property=\"og:url\" content=\"https:\/\/top-serrurier-paris.fr\/blog\/lequipe\/\" \/>\n<meta property=\"og:site_name\" content=\"top-serrurier-paris\" \/>\n<meta name=\"twitter:card\" content=\"summary_large_image\" \/>\n<script type=\"application\/ld+json\" class=\"yoast-schema-graph\">{\"@context\":\"https:\/\/schema.org\",\"@graph\":[{\"@type\":\"WebPage\",\"@id\":\"https:\/\/top-serrurier-paris.fr\/blog\/lequipe\/\",\"url\":\"https:\/\/top-serrurier-paris.fr\/blog\/lequipe\/\",\"name\":\"L'\u00e9quipe & \u00c9dito\",\"isPartOf\":{\"@id\":\"https:\/\/top-serrurier-paris.fr\/blog\/#website\"},\"datePublished\":\"2023-10-11T10:08:25+00:00\",\"dateModified\":\"2026-03-30T20:11:55+00:00\",\"description\":\"Top Serrurier Paris est votre guide complet pour tout ce qui touche \u00e0 la serrurerie \u00e0 Paris \u2014 urgences 24h\/24, comparatifs de serruriers fiables, guides\",\"inLanguage\":\"fr-FR\",\"potentialAction\":[{\"@type\":\"ReadAction\",\"target\":[\"https:\/\/top-serrurier-paris.fr\/blog\/lequipe\/\"]}]},{\"@type\":\"WebSite\",\"@id\":\"https:\/\/top-serrurier-paris.fr\/blog\/#website\",\"url\":\"https:\/\/top-serrurier-paris.fr\/blog\/\",\"name\":\"top-serrurier-paris.fr\",\"description\":\"Top Serrurier Paris, l&#039;excellence de la serrurerie\",\"publisher\":{\"@id\":\"https:\/\/top-serrurier-paris.fr\/blog\/#organization\"},\"alternateName\":\"Top Serrurier Paris, l'excellence de la serrurerie\",\"potentialAction\":[{\"@type\":\"SearchAction\",\"target\":{\"@type\":\"EntryPoint\",\"urlTemplate\":\"https:\/\/top-serrurier-paris.fr\/blog\/?s={search_term_string}\"},\"query-input\":{\"@type\":\"PropertyValueSpecification\",\"valueRequired\":true,\"valueName\":\"search_term_string\"}}],\"inLanguage\":\"fr-FR\"},{\"@type\":\"Organization\",\"@id\":\"https:\/\/top-serrurier-paris.fr\/blog\/#organization\",\"name\":\"Foretsensations.fr\",\"url\":\"https:\/\/top-serrurier-paris.fr\/blog\/\",\"logo\":{\"@type\":\"ImageObject\",\"inLanguage\":\"fr-FR\",\"@id\":\"https:\/\/top-serrurier-paris.fr\/blog\/#\/schema\/logo\/image\/\",\"url\":\"https:\/\/top-serrurier-paris.fr\/blog\/wp-content\/uploads\/2024\/12\/13.png\",\"contentUrl\":\"https:\/\/top-serrurier-paris.fr\/blog\/wp-content\/uploads\/2024\/12\/13.png\",\"width\":500,\"height\":500,\"caption\":\"Foretsensations.fr\"},\"image\":{\"@id\":\"https:\/\/top-serrurier-paris.fr\/blog\/#\/schema\/logo\/image\/\"}}]}<\/script>\n<!-- \/ Yoast SEO Premium plugin. -->","yoast_head_json":{"title":"L'\u00e9quipe & \u00c9dito","description":"Top Serrurier Paris est votre guide complet pour tout ce qui touche \u00e0 la serrurerie \u00e0 Paris \u2014 urgences 24h\/24, comparatifs de serruriers fiables, guides","robots":{"index":"index","follow":"follow","max-snippet":"max-snippet:-1","max-image-preview":"max-image-preview:large","max-video-preview":"max-video-preview:-1"},"canonical":"https:\/\/top-serrurier-paris.fr\/blog\/lequipe\/","og_locale":"fr_FR","og_type":"article","og_title":"L'\u00e9quipe & \u00c9dito","og_description":"Top Serrurier Paris est votre guide complet pour tout ce qui touche \u00e0 la serrurerie \u00e0 Paris \u2014 urgences 24h\/24, comparatifs de serruriers fiables, guides","og_url":"https:\/\/top-serrurier-paris.fr\/blog\/lequipe\/","og_site_name":"top-serrurier-paris","twitter_card":"summary_large_image","schema":{"@context":"https:\/\/schema.org","@graph":[{"@type":"WebPage","@id":"https:\/\/top-serrurier-paris.fr\/blog\/lequipe\/","url":"https:\/\/top-serrurier-paris.fr\/blog\/lequipe\/","name":"L'\u00e9quipe & \u00c9dito","isPartOf":{"@id":"https:\/\/top-serrurier-paris.fr\/blog\/#website"},"datePublished":"2023-10-11T10:08:25+00:00","dateModified":"2026-03-30T20:11:55+00:00","description":"Top Serrurier Paris est votre guide complet pour tout ce qui touche \u00e0 la serrurerie \u00e0 Paris \u2014 urgences 24h\/24, comparatifs de serruriers fiables, guides","inLanguage":"fr-FR","potentialAction":[{"@type":"ReadAction","target":["https:\/\/top-serrurier-paris.fr\/blog\/lequipe\/"]}]},{"@type":"WebSite","@id":"https:\/\/top-serrurier-paris.fr\/blog\/#website","url":"https:\/\/top-serrurier-paris.fr\/blog\/","name":"top-serrurier-paris.fr","description":"Top Serrurier Paris, l&#039;excellence de la serrurerie","publisher":{"@id":"https:\/\/top-serrurier-paris.fr\/blog\/#organization"},"alternateName":"Top Serrurier Paris, l'excellence de la serrurerie","potentialAction":[{"@type":"SearchAction","target":{"@type":"EntryPoint","urlTemplate":"https:\/\/top-serrurier-paris.fr\/blog\/?s={search_term_string}"},"query-input":{"@type":"PropertyValueSpecification","valueRequired":true,"valueName":"search_term_string"}}],"inLanguage":"fr-FR"},{"@type":"Organization","@id":"https:\/\/top-serrurier-paris.fr\/blog\/#organization","name":"Foretsensations.fr","url":"https:\/\/top-serrurier-paris.fr\/blog\/","logo":{"@type":"ImageObject","inLanguage":"fr-FR","@id":"https:\/\/top-serrurier-paris.fr\/blog\/#\/schema\/logo\/image\/","url":"https:\/\/top-serrurier-paris.fr\/blog\/wp-content\/uploads\/2024\/12\/13.png","contentUrl":"https:\/\/top-serrurier-paris.fr\/blog\/wp-content\/uploads\/2024\/12\/13.png","width":500,"height":500,"caption":"Foretsensations.fr"},"image":{"@id":"https:\/\/top-serrurier-paris.fr\/blog\/#\/schema\/logo\/image\/"}}]}},"_links":{"self":[{"href":"https:\/\/top-serrurier-paris.fr\/blog\/wp-json\/wp\/v2\/pages\/69","targetHints":{"allow":["GET"]}}],"collection":[{"href":"https:\/\/top-serrurier-paris.fr\/blog\/wp-json\/wp\/v2\/pages"}],"about":[{"href":"https:\/\/top-serrurier-paris.fr\/blog\/wp-json\/wp\/v2\/types\/page"}],"author":[{"embeddable":true,"href":"https:\/\/top-serrurier-paris.fr\/blog\/wp-json\/wp\/v2\/users\/34"}],"replies":[{"embeddable":true,"href":"https:\/\/top-serrurier-paris.fr\/blog\/wp-json\/wp\/v2\/comments?post=69"}],"version-history":[{"count":35,"href":"https:\/\/top-serrurier-paris.fr\/blog\/wp-json\/wp\/v2\/pages\/69\/revisions"}],"predecessor-version":[{"id":7685,"href":"https:\/\/top-serrurier-paris.fr\/blog\/wp-json\/wp\/v2\/pages\/69\/revisions\/7685"}],"wp:attachment":[{"href":"https:\/\/top-serrurier-paris.fr\/blog\/wp-json\/wp\/v2\/media?parent=69"}],"curies":[{"name":"wp","href":"https:\/\/api.w.org\/{rel}","templated":true}]}}